{"id":16,"date":"2014-09-04T23:00:55","date_gmt":"2014-09-04T21:00:55","guid":{"rendered":"http:\/\/madkort.dk\/?page_id=16"},"modified":"2014-09-04T23:00:55","modified_gmt":"2014-09-04T21:00:55","slug":"om-madkort-dk","status":"publish","type":"page","link":"https:\/\/madkort.dk\/?page_id=16","title":{"rendered":"Om madkort.dk"},"content":{"rendered":"<p>Madkort.dk er egentligt t\u00e6nkt som en privat opskriftsamling som erstatning for samlingen\u00a0 af udklip, print, h\u00e5ndskrevne notater og b\u00f8ger.<\/p>\n<p>Med madkort.dk blev kogebogen digital og noget vi nemt kunne tilg\u00e5 b\u00e5de p\u00e5 laptoppen, telefonen og tabletten.<\/p>\n<p>Opskriftsamlingen har skiftet form og udseende nogle gange alt efter hvad der har v\u00e6ret mest praktisk, men er forl\u00f8big endt ud med sit nuv\u00e6rende design.<\/p>\n<p>At samlingen ogs\u00e5 blev gjort offentlig er stadig kun p\u00e5 fors\u00f8gsplan. Indtil vi beslutter os for noget andet \u00f8nsker vi dig &#8211; god forn\u00f8jelse og arbejdslyst.<\/p>\n","protected":false},"excerpt":{"rendered":"<p>Madkort.dk er egentligt t\u00e6nkt som en privat opskriftsamling som erstatning for samlingen\u00a0 af udklip, print, h\u00e5ndskrevne notater og b\u00f8ger. Med madkort.dk blev kogebogen digital og noget vi nemt kunne tilg\u00e5 b\u00e5de p\u00e5 laptoppen, telefonen og tabletten. Opskriftsamlingen har skiftet form&hellip; <a href=\"https:\/\/madkort.dk\/?page_id=16\" class=\"more-link\">Continue Reading <span class=\"meta-nav\">&rarr;<\/span><\/a><\/p>\n","protected":false},"author":1,"featured_media":0,"parent":0,"menu_order":0,"comment_status":"open","ping_status":"closed","template":"","meta":{"wprm-recipe-roundup-name":"","wprm-recipe-roundup-description":"","footnotes":""},"class_list":["post-16","page","type-page","status-publish","hentry"],"_links":{"self":[{"href":"https:\/\/madkort.dk\/index.php?rest_route=\/wp\/v2\/pages\/16","targetHints":{"allow":["GET"]}}],"collection":[{"href":"https:\/\/madkort.dk\/index.php?rest_route=\/wp\/v2\/pages"}],"about":[{"href":"https:\/\/madkort.dk\/index.php?rest_route=\/wp\/v2\/types\/page"}],"author":[{"embeddable":true,"href":"https:\/\/madkort.dk\/index.php?rest_route=\/wp\/v2\/users\/1"}],"replies":[{"embeddable":true,"href":"https:\/\/madkort.dk\/index.php?rest_route=%2Fwp%2Fv2%2Fcomments&post=16"}],"version-history":[{"count":1,"href":"https:\/\/madkort.dk\/index.php?rest_route=\/wp\/v2\/pages\/16\/revisions"}],"predecessor-version":[{"id":17,"href":"https:\/\/madkort.dk\/index.php?rest_route=\/wp\/v2\/pages\/16\/revisions\/17"}],"wp:attachment":[{"href":"https:\/\/madkort.dk\/index.php?rest_route=%2Fwp%2Fv2%2Fmedia&parent=16"}],"curies":[{"name":"wp","href":"https:\/\/api.w.org\/{rel}","templated":true}]}}