{"id":30,"date":"2014-09-09T22:29:30","date_gmt":"2014-09-09T20:29:30","guid":{"rendered":"http:\/\/madkort.dk\/?page_id=30"},"modified":"2014-09-09T22:30:36","modified_gmt":"2014-09-09T20:30:36","slug":"enheder","status":"publish","type":"page","link":"https:\/\/madkort.dk\/?page_id=30","title":{"rendered":"Enheder"},"content":{"rendered":"<p>Her er en n\u00f8gle til de m\u00e5lestoks-forhold der bruges her p\u00e5 madkort.dk.<\/p>\n<p>ml = milliliter<\/p>\n<p>dl = deciliter<\/p>\n<p>l = liter<\/p>\n<p>tsk = te-ske<\/p>\n<p>spsk = spise-ske<\/p>\n<p>knsp = knivspids<\/p>\n","protected":false},"excerpt":{"rendered":"<p>Her er en n\u00f8gle til de m\u00e5lestoks-forhold der bruges her p\u00e5 madkort.dk. ml = milliliter dl = deciliter l = liter tsk = te-ske spsk = spise-ske knsp = knivspids<\/p>\n","protected":false},"author":1,"featured_media":0,"parent":0,"menu_order":0,"comment_status":"open","ping_status":"closed","template":"","meta":{"wprm-recipe-roundup-name":"","wprm-recipe-roundup-description":"","footnotes":""},"class_list":["post-30","page","type-page","status-publish","hentry"],"_links":{"self":[{"href":"https:\/\/madkort.dk\/index.php?rest_route=\/wp\/v2\/pages\/30","targetHints":{"allow":["GET"]}}],"collection":[{"href":"https:\/\/madkort.dk\/index.php?rest_route=\/wp\/v2\/pages"}],"about":[{"href":"https:\/\/madkort.dk\/index.php?rest_route=\/wp\/v2\/types\/page"}],"author":[{"embeddable":true,"href":"https:\/\/madkort.dk\/index.php?rest_route=\/wp\/v2\/users\/1"}],"replies":[{"embeddable":true,"href":"https:\/\/madkort.dk\/index.php?rest_route=%2Fwp%2Fv2%2Fcomments&post=30"}],"version-history":[{"count":3,"href":"https:\/\/madkort.dk\/index.php?rest_route=\/wp\/v2\/pages\/30\/revisions"}],"predecessor-version":[{"id":33,"href":"https:\/\/madkort.dk\/index.php?rest_route=\/wp\/v2\/pages\/30\/revisions\/33"}],"wp:attachment":[{"href":"https:\/\/madkort.dk\/index.php?rest_route=%2Fwp%2Fv2%2Fmedia&parent=30"}],"curies":[{"name":"wp","href":"https:\/\/api.w.org\/{rel}","templated":true}]}}